{"id":234,"date":"2023-01-20T09:16:43","date_gmt":"2023-01-20T09:16:43","guid":{"rendered":"https:\/\/amuse.uber.space\/?page_id=234"},"modified":"2026-04-14T09:56:06","modified_gmt":"2026-04-14T09:56:06","slug":"impressum","status":"publish","type":"page","link":"https:\/\/amusementpark.film\/de\/impressum\/","title":{"rendered":"Impressum"},"content":{"rendered":"\n<p>Amusement Park Film GmbH<\/p>\n\n\n\n<p><a href=\"tel:+49 30 411 9808 11\">+49 30 411 9808 11<\/a><br><a href=\"mailto:info@amusementpark.film\">info@amusementpark.film<\/a><\/p>\n\n\n\n<p>Pappelallee 24<br>10437 Berlin<\/p>\n\n\n\n<p>Amtsgericht Charlottenburg HRB 245651<br>Gesch\u00e4ftsf\u00fchrer: Malte Grunert<\/p>\n\n\n\n<p>Finanzamt f\u00fcr K\u00f6rperschaften II<br>Steuernummer 37\/207\/50665<br>USt- IdNr.: DE 221202340<\/p>\n\n\n\n<p><\/p>\n\n\n\n<p>Gestaltung und Website: <a href=\"https:\/\/volligohne.de\" target=\"_blank\" rel=\"noreferrer noopener\">v\u00f6llig ohne<\/a><\/p>\n","protected":false},"excerpt":{"rendered":"<p>Amusement Park Film GmbH +49 30 411 9808 11info@amusementpark.film Pappelallee 2410437 Berlin Amtsgericht Charlottenburg HRB 245651Gesch\u00e4ftsf\u00fchrer: Malte Grunert Finanzamt f\u00fcr K\u00f6rperschaften IISteuernummer 37\/207\/50665USt- IdNr.: DE 221202340 Gestaltung und Website: v\u00f6llig ohne<\/p>\n","protected":false},"author":1,"featured_media":0,"parent":0,"menu_order":0,"comment_status":"closed","ping_status":"closed","template":"","meta":{"_acf_changed":false,"footnotes":""},"class_list":["post-234","page","type-page","status-publish","hentry"],"acf":[],"_links":{"self":[{"href":"https:\/\/amusementpark.film\/de\/wp-json\/wp\/v2\/pages\/234","targetHints":{"allow":["GET"]}}],"collection":[{"href":"https:\/\/amusementpark.film\/de\/wp-json\/wp\/v2\/pages"}],"about":[{"href":"https:\/\/amusementpark.film\/de\/wp-json\/wp\/v2\/types\/page"}],"author":[{"embeddable":true,"href":"https:\/\/amusementpark.film\/de\/wp-json\/wp\/v2\/users\/1"}],"replies":[{"embeddable":true,"href":"https:\/\/amusementpark.film\/de\/wp-json\/wp\/v2\/comments?post=234"}],"version-history":[{"count":8,"href":"https:\/\/amusementpark.film\/de\/wp-json\/wp\/v2\/pages\/234\/revisions"}],"predecessor-version":[{"id":737,"href":"https:\/\/amusementpark.film\/de\/wp-json\/wp\/v2\/pages\/234\/revisions\/737"}],"wp:attachment":[{"href":"https:\/\/amusementpark.film\/de\/wp-json\/wp\/v2\/media?parent=234"}],"curies":[{"name":"wp","href":"https:\/\/api.w.org\/{rel}","templated":true}]}}